{"id":464,"date":"2024-02-13T13:19:22","date_gmt":"2024-02-13T10:19:22","guid":{"rendered":"https:\/\/kojohospitality.com\/zula-zorlu\/"},"modified":"2024-03-26T06:51:28","modified_gmt":"2024-03-26T03:51:28","slug":"zula-zorlu","status":"publish","type":"page","link":"https:\/\/kojohospitality.com\/en\/zula-zorlu\/","title":{"rendered":"ZULA ZORLU"},"content":{"rendered":"\t\t<div data-elementor-type=\"wp-page\" data-elementor-id=\"464\" class=\"elementor elementor-464 elementor-283\">\n\t\t\t\t<div class=\"elementor-element elementor-element-f68a0dd e-con-full e-flex e-con e-parent\" data-id=\"f68a0dd\" data-element_type=\"container\">\n\t\t\t\t<div class=\"elementor-element elementor-element-e83e037 elementor-widget elementor-widget-heading\" data-id=\"e83e037\" data-element_type=\"widget\" data-widget_type=\"heading.default\">\n\t\t\t\t<div class=\"elementor-widget-container\">\n\t\t\t\t\t<h2 class=\"elementor-heading-title elementor-size-default\">ZULA<\/h2>\t\t\t\t<\/div>\n\t\t\t\t<\/div>\n\t\t\t\t<div class=\"elementor-element elementor-element-7a8e14c elementor-widget elementor-widget-text-editor\" data-id=\"7a8e14c\" data-element_type=\"widget\" data-widget_type=\"text-editor.default\">\n\t\t\t\t<div class=\"elementor-widget-container\">\n\t\t\t\t\t\t\t\t\t<p>Kojo Hospitality Grubu\u2019nun ilk restoran\u0131 Zula Burger ad\u0131n\u0131 2017\u2019de ilk lokasyonu Harbiye\u2019nin ara sokaklar\u0131ndaki yerinden esinlenerek \u201cSakl\u0131 K\u00f6\u015fe\u201d anlam\u0131yla kap\u0131lar\u0131n\u0131 a\u00e7t\u0131. \u00d6zel soslar\u0131 ve lezzetleriyle gusto sahipleri taraf\u0131ndan be\u011fenilip, Gault &amp; Millau taraf\u0131ndan en iyi sokak lezzetleri \u00f6d\u00fcl\u00fcn\u00fc almaya hak kazanan Zula, Avrupa\u2019daki ilk restoran\u0131n\u0131 Londra\u2019da a\u00e7maya haz\u0131rlan\u0131yor.<\/p>\t\t\t\t\t\t\t\t<\/div>\n\t\t\t\t<\/div>\n\t\t\t\t<\/div>\n\t\t<div class=\"elementor-element elementor-element-ed91c77 e-con-full e-flex e-con e-parent\" data-id=\"ed91c77\" data-element_type=\"container\">\n\t\t\t\t<div class=\"elementor-element elementor-element-a1ea779 elementor-widget__width-inherit elementor-widget elementor-widget-image\" data-id=\"a1ea779\" data-element_type=\"widget\" data-widget_type=\"image.default\">\n\t\t\t\t<div class=\"elementor-widget-container\">\n\t\t\t\t\t\t\t\t\t\t\t\t\t\t\t<img fetchpriority=\"high\" decoding=\"async\" width=\"2000\" height=\"1013\" src=\"https:\/\/kojohospitality.com\/wp-content\/uploads\/2024\/02\/zula_zorlu_1_kopya_-copy.jpg\" class=\"attachment-full size-full wp-image-286\" alt=\"\" srcset=\"https:\/\/kojohospitality.com\/wp-content\/uploads\/2024\/02\/zula_zorlu_1_kopya_-copy.jpg 2000w, https:\/\/kojohospitality.com\/wp-content\/uploads\/2024\/02\/zula_zorlu_1_kopya_-copy-300x152.jpg 300w, https:\/\/kojohospitality.com\/wp-content\/uploads\/2024\/02\/zula_zorlu_1_kopya_-copy-1024x519.jpg 1024w, https:\/\/kojohospitality.com\/wp-content\/uploads\/2024\/02\/zula_zorlu_1_kopya_-copy-768x389.jpg 768w, https:\/\/kojohospitality.com\/wp-content\/uploads\/2024\/02\/zula_zorlu_1_kopya_-copy-1536x778.jpg 1536w\" sizes=\"(max-width: 2000px) 100vw, 2000px\" \/>\t\t\t\t\t\t\t\t\t\t\t\t\t\t\t<\/div>\n\t\t\t\t<\/div>\n\t\t\t\t<\/div>\n\t\t<div class=\"elementor-element elementor-element-985306e e-con-full e-flex e-con e-parent\" data-id=\"985306e\" data-element_type=\"container\" data-settings=\"{&quot;background_background&quot;:&quot;classic&quot;}\">\n\t\t\t\t<div class=\"elementor-element elementor-element-0906f79 elementor-widget elementor-widget-heading\" data-id=\"0906f79\" data-element_type=\"widget\" data-widget_type=\"heading.default\">\n\t\t\t\t<div class=\"elementor-widget-container\">\n\t\t\t\t\t<h2 class=\"elementor-heading-title elementor-size-default\">ZORLU ZULA <br><br>\nAdres: Levaz\u0131m Barbaros BLV No: 2 34340 Be\u015fikta\u015f\/\u0130stanbul\n<br>\nTel: <a href=\"tel:02128038764\"> 0212 803 87 64<\/a> <\/h2>\t\t\t\t<\/div>\n\t\t\t\t<\/div>\n\t\t\t\t<div class=\"elementor-element elementor-element-902df6c elementor-widget-divider--view-line elementor-widget elementor-widget-divider\" data-id=\"902df6c\" data-element_type=\"widget\" data-widget_type=\"divider.default\">\n\t\t\t\t<div class=\"elementor-widget-container\">\n\t\t\t\t\t\t\t<div class=\"elementor-divider\">\n\t\t\t<span class=\"elementor-divider-separator\">\n\t\t\t\t\t\t<\/span>\n\t\t<\/div>\n\t\t\t\t\t\t<\/div>\n\t\t\t\t<\/div>\n\t\t\t\t<\/div>\n\t\t\t\t<\/div>\n\t\t","protected":false},"excerpt":{"rendered":"<p>ZULA Kojo Hospitality Grubu\u2019nun ilk restoran\u0131 Zula Burger ad\u0131n\u0131 2017\u2019de ilk lokasyonu Harbiye\u2019nin ara sokaklar\u0131ndaki yerinden esinlenerek \u201cSakl\u0131 K\u00f6\u015fe\u201d anlam\u0131yla kap\u0131lar\u0131n\u0131 a\u00e7t\u0131. \u00d6zel soslar\u0131 ve lezzetleriyle gusto sahipleri taraf\u0131ndan be\u011fenilip, Gault &amp; Millau taraf\u0131ndan en iyi sokak lezzetleri \u00f6d\u00fcl\u00fcn\u00fc almaya hak kazanan Zula, Avrupa\u2019daki ilk restoran\u0131n\u0131 Londra\u2019da a\u00e7maya haz\u0131rlan\u0131yor. ZORLU ZULA Adres: Levaz\u0131m Barbaros BLV [&hellip;]<\/p>\n","protected":false},"author":1,"featured_media":0,"parent":0,"menu_order":0,"comment_status":"closed","ping_status":"closed","template":"","meta":{"footnotes":""},"class_list":["post-464","page","type-page","status-publish","hentry"],"_links":{"self":[{"href":"https:\/\/kojohospitality.com\/en\/wp-json\/wp\/v2\/pages\/464","targetHints":{"allow":["GET"]}}],"collection":[{"href":"https:\/\/kojohospitality.com\/en\/wp-json\/wp\/v2\/pages"}],"about":[{"href":"https:\/\/kojohospitality.com\/en\/wp-json\/wp\/v2\/types\/page"}],"author":[{"embeddable":true,"href":"https:\/\/kojohospitality.com\/en\/wp-json\/wp\/v2\/users\/1"}],"replies":[{"embeddable":true,"href":"https:\/\/kojohospitality.com\/en\/wp-json\/wp\/v2\/comments?post=464"}],"version-history":[{"count":31,"href":"https:\/\/kojohospitality.com\/en\/wp-json\/wp\/v2\/pages\/464\/revisions"}],"predecessor-version":[{"id":974,"href":"https:\/\/kojohospitality.com\/en\/wp-json\/wp\/v2\/pages\/464\/revisions\/974"}],"wp:attachment":[{"href":"https:\/\/kojohospitality.com\/en\/wp-json\/wp\/v2\/media?parent=464"}],"curies":[{"name":"wp","href":"https:\/\/api.w.org\/{rel}","templated":true}]}}