{"id":427,"date":"2024-02-13T13:02:51","date_gmt":"2024-02-13T10:02:51","guid":{"rendered":"https:\/\/kojohospitality.com\/saku\/"},"modified":"2024-02-27T18:36:09","modified_gmt":"2024-02-27T15:36:09","slug":"saku","status":"publish","type":"page","link":"https:\/\/kojohospitality.com\/en\/saku\/","title":{"rendered":"SAKU"},"content":{"rendered":"\t\t<div data-elementor-type=\"wp-page\" data-elementor-id=\"427\" class=\"elementor elementor-427 elementor-268\">\n\t\t\t\t<div class=\"elementor-element elementor-element-f68a0dd e-con-full e-flex e-con e-parent\" data-id=\"f68a0dd\" data-element_type=\"container\">\n\t\t\t\t<div class=\"elementor-element elementor-element-e83e037 elementor-widget elementor-widget-heading\" data-id=\"e83e037\" data-element_type=\"widget\" data-widget_type=\"heading.default\">\n\t\t\t\t<div class=\"elementor-widget-container\">\n\t\t\t\t\t<h2 class=\"elementor-heading-title elementor-size-default\">SAKU<\/h2>\t\t\t\t<\/div>\n\t\t\t\t<\/div>\n\t\t\t\t<div class=\"elementor-element elementor-element-7a8e14c elementor-widget elementor-widget-text-editor\" data-id=\"7a8e14c\" data-element_type=\"widget\" data-widget_type=\"text-editor.default\">\n\t\t\t\t<div class=\"elementor-widget-container\">\n\t\t\t\t\t\t\t\t\t<p class=\"p1\">Named after Japan&#8217;s Sakura blossom, Saku swiftly gained recognition and made its way onto the 2024 Michelin Istanbul Recommendation List. Nestled amidst the skyscrapers of Bomonti, Saku offers you the opportunity to experience the essence of the Far East with its hidden zen garden. By synthesizing the flavors of Asian and Mediterranean fusion cuisine, Saku brings together their richness to create unique and exquisite flavors in every dish.<\/p>\t\t\t\t\t\t\t\t<\/div>\n\t\t\t\t<\/div>\n\t\t\t\t<\/div>\n\t\t<div class=\"elementor-element elementor-element-ed91c77 e-con-full e-flex e-con e-parent\" data-id=\"ed91c77\" data-element_type=\"container\">\n\t\t\t\t<div class=\"elementor-element elementor-element-a1ea779 elementor-widget__width-inherit elementor-widget elementor-widget-image\" data-id=\"a1ea779\" data-element_type=\"widget\" data-widget_type=\"image.default\">\n\t\t\t\t<div class=\"elementor-widget-container\">\n\t\t\t\t\t\t\t\t\t\t\t\t\t\t\t<img fetchpriority=\"high\" decoding=\"async\" width=\"2000\" height=\"891\" src=\"https:\/\/kojohospitality.com\/wp-content\/uploads\/2024\/02\/saku_2_kopya.jpg\" class=\"attachment-full size-full wp-image-270\" alt=\"\" srcset=\"https:\/\/kojohospitality.com\/wp-content\/uploads\/2024\/02\/saku_2_kopya.jpg 2000w, https:\/\/kojohospitality.com\/wp-content\/uploads\/2024\/02\/saku_2_kopya-300x134.jpg 300w, https:\/\/kojohospitality.com\/wp-content\/uploads\/2024\/02\/saku_2_kopya-1024x456.jpg 1024w, https:\/\/kojohospitality.com\/wp-content\/uploads\/2024\/02\/saku_2_kopya-768x342.jpg 768w, https:\/\/kojohospitality.com\/wp-content\/uploads\/2024\/02\/saku_2_kopya-1536x684.jpg 1536w\" sizes=\"(max-width: 2000px) 100vw, 2000px\" \/>\t\t\t\t\t\t\t\t\t\t\t\t\t\t\t<\/div>\n\t\t\t\t<\/div>\n\t\t\t\t<\/div>\n\t\t<div class=\"elementor-element elementor-element-985306e e-flex e-con-boxed e-con e-parent\" data-id=\"985306e\" data-element_type=\"container\" data-settings=\"{&quot;background_background&quot;:&quot;classic&quot;}\">\n\t\t\t\t\t<div class=\"e-con-inner\">\n\t\t\t\t<div class=\"elementor-element elementor-element-0906f79 elementor-widget elementor-widget-heading\" data-id=\"0906f79\" data-element_type=\"widget\" data-widget_type=\"heading.default\">\n\t\t\t\t<div class=\"elementor-widget-container\">\n\t\t\t\t\t<h2 class=\"elementor-heading-title elementor-size-default\">\nAddress: Cumhuriyet Mah. Silah\u015f\u00f6r Cad. Yeni yol sokak No. 2 34440 \u015ei\u015fli \/ \u0130stanbul<br><br>\nPhone: +90 212 955 08 88<br><br>\n*We are closed on Sundays and Mondays, and delighted to welcome you between 18:00 and 01:00 on other days of the week.\n<\/h2>\t\t\t\t<\/div>\n\t\t\t\t<\/div>\n\t\t\t\t<div class=\"elementor-element elementor-element-902df6c elementor-widget-divider--view-line elementor-widget elementor-widget-divider\" data-id=\"902df6c\" data-element_type=\"widget\" data-widget_type=\"divider.default\">\n\t\t\t\t<div class=\"elementor-widget-container\">\n\t\t\t\t\t\t\t<div class=\"elementor-divider\">\n\t\t\t<span class=\"elementor-divider-separator\">\n\t\t\t\t\t\t<\/span>\n\t\t<\/div>\n\t\t\t\t\t\t<\/div>\n\t\t\t\t<\/div>\n\t\t\t\t\t<\/div>\n\t\t\t\t<\/div>\n\t\t\t\t<\/div>\n\t\t","protected":false},"excerpt":{"rendered":"<p>SAKU Named after Japan&#8217;s Sakura blossom, Saku swiftly gained recognition and made its way onto the 2024 Michelin Istanbul Recommendation List. Nestled amidst the skyscrapers of Bomonti, Saku offers you the opportunity to experience the essence of the Far East with its hidden zen garden. By synthesizing the flavors of Asian and Mediterranean fusion cuisine, [&hellip;]<\/p>\n","protected":false},"author":1,"featured_media":0,"parent":0,"menu_order":0,"comment_status":"closed","ping_status":"closed","template":"","meta":{"footnotes":""},"class_list":["post-427","page","type-page","status-publish","hentry"],"_links":{"self":[{"href":"https:\/\/kojohospitality.com\/en\/wp-json\/wp\/v2\/pages\/427","targetHints":{"allow":["GET"]}}],"collection":[{"href":"https:\/\/kojohospitality.com\/en\/wp-json\/wp\/v2\/pages"}],"about":[{"href":"https:\/\/kojohospitality.com\/en\/wp-json\/wp\/v2\/types\/page"}],"author":[{"embeddable":true,"href":"https:\/\/kojohospitality.com\/en\/wp-json\/wp\/v2\/users\/1"}],"replies":[{"embeddable":true,"href":"https:\/\/kojohospitality.com\/en\/wp-json\/wp\/v2\/comments?post=427"}],"version-history":[{"count":7,"href":"https:\/\/kojohospitality.com\/en\/wp-json\/wp\/v2\/pages\/427\/revisions"}],"predecessor-version":[{"id":435,"href":"https:\/\/kojohospitality.com\/en\/wp-json\/wp\/v2\/pages\/427\/revisions\/435"}],"wp:attachment":[{"href":"https:\/\/kojohospitality.com\/en\/wp-json\/wp\/v2\/media?parent=427"}],"curies":[{"name":"wp","href":"https:\/\/api.w.org\/{rel}","templated":true}]}}